{"id":9918,"date":"2021-06-04T18:21:48","date_gmt":"2021-06-04T21:21:48","guid":{"rendered":"https:\/\/forcabr.com.br\/?post_type=product&#038;p=9918"},"modified":"2022-10-16T12:23:42","modified_gmt":"2022-10-16T15:23:42","slug":"card-6-fichas-jequitiba","status":"publish","type":"product","link":"https:\/\/pindoramaentretenimento.com.br\/loja\/produto\/card-6-fichas-jequitiba\/","title":{"rendered":"Card 6 Status &#8211; Jequitib\u00e1"},"content":{"rendered":"<p>Jequitib\u00e1 &#8211; Hist\u00f3ria, Estat\u00edsticas e Poderes<\/p>\n<p>&#8211; 4&#215;4 cores,<\/p>\n<p>&#8211; Tinta escala em Triplex C2s 300g<\/p>\n<p>&#8211; Lamina\u00e7\u00e3o fosca=2 lado(s)<\/p>\n","protected":false},"excerpt":{"rendered":"<p>Jequitib\u00e1. &#8211; Hist\u00f3ria, Estat\u00edsticas e Poderes<\/p>\n","protected":false},"featured_media":10422,"comment_status":"open","ping_status":"closed","template":"","meta":{"_joinchat":[]},"product_brand":[],"product_cat":[72],"product_tag":[],"class_list":{"0":"post-9918","1":"product","2":"type-product","3":"status-publish","4":"has-post-thumbnail","6":"product_cat-cards","8":"first","9":"instock","10":"shipping-taxable","11":"purchasable","12":"product-type-simple"},"jetpack_sharing_enabled":true,"_links":{"self":[{"href":"https:\/\/pindoramaentretenimento.com.br\/loja\/wp-json\/wp\/v2\/product\/9918","targetHints":{"allow":["GET"]}}],"collection":[{"href":"https:\/\/pindoramaentretenimento.com.br\/loja\/wp-json\/wp\/v2\/product"}],"about":[{"href":"https:\/\/pindoramaentretenimento.com.br\/loja\/wp-json\/wp\/v2\/types\/product"}],"replies":[{"embeddable":true,"href":"https:\/\/pindoramaentretenimento.com.br\/loja\/wp-json\/wp\/v2\/comments?post=9918"}],"version-history":[{"count":4,"href":"https:\/\/pindoramaentretenimento.com.br\/loja\/wp-json\/wp\/v2\/product\/9918\/revisions"}],"predecessor-version":[{"id":10424,"href":"https:\/\/pindoramaentretenimento.com.br\/loja\/wp-json\/wp\/v2\/product\/9918\/revisions\/10424"}],"wp:featuredmedia":[{"embeddable":true,"href":"https:\/\/pindoramaentretenimento.com.br\/loja\/wp-json\/wp\/v2\/media\/10422"}],"wp:attachment":[{"href":"https:\/\/pindoramaentretenimento.com.br\/loja\/wp-json\/wp\/v2\/media?parent=9918"}],"wp:term":[{"taxonomy":"product_brand","embeddable":true,"href":"https:\/\/pindoramaentretenimento.com.br\/loja\/wp-json\/wp\/v2\/product_brand?post=9918"},{"taxonomy":"product_cat","embeddable":true,"href":"https:\/\/pindoramaentretenimento.com.br\/loja\/wp-json\/wp\/v2\/product_cat?post=9918"},{"taxonomy":"product_tag","embeddable":true,"href":"https:\/\/pindoramaentretenimento.com.br\/loja\/wp-json\/wp\/v2\/product_tag?post=9918"}],"curies":[{"name":"wp","href":"https:\/\/api.w.org\/{rel}","templated":true}]}}