{"id":9792,"date":"2021-05-27T19:06:24","date_gmt":"2021-05-27T22:06:24","guid":{"rendered":"http:\/\/forcabr.com.br\/?post_type=product&#038;p=9792"},"modified":"2026-02-15T21:11:10","modified_gmt":"2026-02-16T00:11:10","slug":"edicao-3-de-20-projeto-forca-br-fosseis-vivos","status":"publish","type":"product","link":"https:\/\/pindoramaentretenimento.com.br\/loja\/produto\/edicao-3-de-20-projeto-forca-br-fosseis-vivos\/","title":{"rendered":"Edi\u00e7\u00e3o #3 de 20 Projeto For\u00e7a BR &#8211; F\u00f3sseis Vivos"},"content":{"rendered":"<p>Com o nascimento das aptid\u00f5es m\u00e1gicas de Amanari, as for\u00e7as do mal se movimentam rapidamente para colocarem seus planos em pr\u00e1tica e testar as capacidades dos inexperientes Super Her\u00f3is do Projeto For\u00e7a BR.<\/p>\n<p><strong>Capa:<\/strong> 26&#215;34.3cm, 4&#215;4 cores, Tinta escala em Couche Brilho LD 250g.<\/p>\n<p><strong>Miolo:<\/strong> 40, 4 cores, Tinta escala em Couche Fosco LD 90g.<\/p>\n<p><strong>Lombada:<\/strong> 3mm, Verniz UV total=1 Lado(s) (Capa), Dobrado(Miolo), lombada canoa\/grampo(Miolo).<\/p>\n","protected":false},"excerpt":{"rendered":"<p>Edi\u00e7\u00e3o #3 de 20 Projeto For\u00e7a BR &#8211; F\u00f3sseis Vivos<\/p>\n","protected":false},"featured_media":10367,"comment_status":"open","ping_status":"closed","template":"","meta":{"_joinchat":[]},"product_brand":[],"product_cat":[15],"product_tag":[],"class_list":{"0":"post-9792","1":"product","2":"type-product","3":"status-publish","4":"has-post-thumbnail","6":"product_cat-quadrinhos","8":"first","9":"instock","10":"featured","11":"shipping-taxable","12":"purchasable","13":"product-type-simple"},"jetpack_sharing_enabled":true,"_links":{"self":[{"href":"https:\/\/pindoramaentretenimento.com.br\/loja\/wp-json\/wp\/v2\/product\/9792","targetHints":{"allow":["GET"]}}],"collection":[{"href":"https:\/\/pindoramaentretenimento.com.br\/loja\/wp-json\/wp\/v2\/product"}],"about":[{"href":"https:\/\/pindoramaentretenimento.com.br\/loja\/wp-json\/wp\/v2\/types\/product"}],"replies":[{"embeddable":true,"href":"https:\/\/pindoramaentretenimento.com.br\/loja\/wp-json\/wp\/v2\/comments?post=9792"}],"version-history":[{"count":2,"href":"https:\/\/pindoramaentretenimento.com.br\/loja\/wp-json\/wp\/v2\/product\/9792\/revisions"}],"predecessor-version":[{"id":10362,"href":"https:\/\/pindoramaentretenimento.com.br\/loja\/wp-json\/wp\/v2\/product\/9792\/revisions\/10362"}],"wp:featuredmedia":[{"embeddable":true,"href":"https:\/\/pindoramaentretenimento.com.br\/loja\/wp-json\/wp\/v2\/media\/10367"}],"wp:attachment":[{"href":"https:\/\/pindoramaentretenimento.com.br\/loja\/wp-json\/wp\/v2\/media?parent=9792"}],"wp:term":[{"taxonomy":"product_brand","embeddable":true,"href":"https:\/\/pindoramaentretenimento.com.br\/loja\/wp-json\/wp\/v2\/product_brand?post=9792"},{"taxonomy":"product_cat","embeddable":true,"href":"https:\/\/pindoramaentretenimento.com.br\/loja\/wp-json\/wp\/v2\/product_cat?post=9792"},{"taxonomy":"product_tag","embeddable":true,"href":"https:\/\/pindoramaentretenimento.com.br\/loja\/wp-json\/wp\/v2\/product_tag?post=9792"}],"curies":[{"name":"wp","href":"https:\/\/api.w.org\/{rel}","templated":true}]}}