{"id":9789,"date":"2021-05-27T19:03:06","date_gmt":"2021-05-27T22:03:06","guid":{"rendered":"http:\/\/forcabr.com.br\/?post_type=product&#038;p=9789"},"modified":"2026-04-13T11:26:39","modified_gmt":"2026-04-13T14:26:39","slug":"edicao-2-de-20-projeto-forca-br-ira-flamejante","status":"publish","type":"product","link":"https:\/\/pindoramaentretenimento.com.br\/loja\/produto\/edicao-2-de-20-projeto-forca-br-ira-flamejante\/","title":{"rendered":"Edi\u00e7\u00e3o #2 de 20 Projeto For\u00e7a BR &#8211; Ira Flamejante"},"content":{"rendered":"<p>O misterioso vil\u00e3o renegado conhecido como Queimado surge mais uma vez, agora clamando vingan\u00e7a contra O.R.D.E.M., que n\u00e3o compreende o que est\u00e1 acontecendo. A origem desses dois personagens ser\u00e1 conhecida, e como trilharam seus pr\u00f3prios caminhos.<\/p>\n<p><strong>Capa:<\/strong> 26&#215;34.3cm, 4&#215;4 cores, Tinta escala em Couche Brilho LD 250g.<\/p>\n<p><strong>Miolo:<\/strong> 40, 4 cores, Tinta escala em Couche Fosco LD 90g.<\/p>\n<p><strong>Lombada:<\/strong> 3mm, Verniz UV total=1 Lado(s) (Capa), Dobrado(Miolo), lombada canoa\/grampo(Miolo).<\/p>\n","protected":false},"excerpt":{"rendered":"<p>Edi\u00e7\u00e3o #2 de 20 Projeto For\u00e7a BR &#8211; Ira Flamejante<\/p>\n","protected":false},"featured_media":10365,"comment_status":"open","ping_status":"closed","template":"","meta":{"_joinchat":[]},"product_brand":[],"product_cat":[15],"product_tag":[],"class_list":{"0":"post-9789","1":"product","2":"type-product","3":"status-publish","4":"has-post-thumbnail","6":"product_cat-quadrinhos","8":"first","9":"instock","10":"featured","11":"shipping-taxable","12":"purchasable","13":"product-type-simple"},"jetpack_sharing_enabled":true,"_links":{"self":[{"href":"https:\/\/pindoramaentretenimento.com.br\/loja\/wp-json\/wp\/v2\/product\/9789","targetHints":{"allow":["GET"]}}],"collection":[{"href":"https:\/\/pindoramaentretenimento.com.br\/loja\/wp-json\/wp\/v2\/product"}],"about":[{"href":"https:\/\/pindoramaentretenimento.com.br\/loja\/wp-json\/wp\/v2\/types\/product"}],"replies":[{"embeddable":true,"href":"https:\/\/pindoramaentretenimento.com.br\/loja\/wp-json\/wp\/v2\/comments?post=9789"}],"version-history":[{"count":2,"href":"https:\/\/pindoramaentretenimento.com.br\/loja\/wp-json\/wp\/v2\/product\/9789\/revisions"}],"predecessor-version":[{"id":10366,"href":"https:\/\/pindoramaentretenimento.com.br\/loja\/wp-json\/wp\/v2\/product\/9789\/revisions\/10366"}],"wp:featuredmedia":[{"embeddable":true,"href":"https:\/\/pindoramaentretenimento.com.br\/loja\/wp-json\/wp\/v2\/media\/10365"}],"wp:attachment":[{"href":"https:\/\/pindoramaentretenimento.com.br\/loja\/wp-json\/wp\/v2\/media?parent=9789"}],"wp:term":[{"taxonomy":"product_brand","embeddable":true,"href":"https:\/\/pindoramaentretenimento.com.br\/loja\/wp-json\/wp\/v2\/product_brand?post=9789"},{"taxonomy":"product_cat","embeddable":true,"href":"https:\/\/pindoramaentretenimento.com.br\/loja\/wp-json\/wp\/v2\/product_cat?post=9789"},{"taxonomy":"product_tag","embeddable":true,"href":"https:\/\/pindoramaentretenimento.com.br\/loja\/wp-json\/wp\/v2\/product_tag?post=9789"}],"curies":[{"name":"wp","href":"https:\/\/api.w.org\/{rel}","templated":true}]}}