{"id":11077,"date":"2025-10-04T10:34:03","date_gmt":"2025-10-04T13:34:03","guid":{"rendered":"https:\/\/pindoramaentretenimento.com.br\/loja\/?post_type=product&#038;p=11077"},"modified":"2026-01-08T13:48:50","modified_gmt":"2026-01-08T16:48:50","slug":"super-viloes-1-caixa-com-6-figuras","status":"publish","type":"product","link":"https:\/\/pindoramaentretenimento.com.br\/loja\/produto\/super-viloes-1-caixa-com-6-figuras\/","title":{"rendered":"Super Vil\u00f5es 1 &#8211; Caixa com 6 Figuras"},"content":{"rendered":"<p>Caixa Super Vil\u00f5es 1 com 6 Figuras<\/p>\n<p>Bora reviver essa incr\u00edvel mem\u00f3ria afetiva, mas com uma pitada de Vil\u00f5es BR? Dom Ferdinando, L\u00facia Lobo, Bugio, Pedroso, Kibungo e Queimado, figuras feitas artesanalmente por inje\u00e7\u00e3o de pl\u00e1stico monocrom\u00e1tico de alta resist\u00eancia com alturas que variam de 7 a 12 cm. Para colecionar, brincar, pintar e jogar. Fabricado pela 7 Dust, especialista em reprodu\u00e7\u00e3o de figuras cl\u00e1ssicas das d\u00e9cadas de 70, 80 e 90, agora nos presenteando com seu talento na fabrica\u00e7\u00e3o dos personagens do universo Projeto For\u00e7a BR. Caixa personalizada com as medidas: 21cm x 16cm x 5cm. Peso total aproximado: 360g. Em breve, mais figuras estar\u00e3o dispon\u00edveis.<\/p>\n<p><strong>ESTOQUE LIMITADO &#8211; SOB ENCOMENDA.<\/strong><\/p>\n<p>Se o produto n\u00e3o estiver dispon\u00edvel em nosso estoque, o pedido ser\u00e1 encaminhado ao fabricante, que poder\u00e1 levar at\u00e9 <strong data-start=\"222\" data-end=\"239\">60 dias \u00fateis<\/strong> para a produ\u00e7\u00e3o.<\/p>\n<p><strong>RECOMENDA\u00c7\u00d5ES:<\/strong><\/p>\n<p>Embora sejam feitas de pl\u00e1stico, algumas partes das figuras s\u00e3o delicadas e podem se danificar em caso de impacto. Por isso, manuseie com cuidado.<br data-start=\"473\" data-end=\"476\" \/>Evite expor as figuras diretamente ao sol ou a altas temperaturas, pois isso pode causar deforma\u00e7\u00f5es.<\/p>\n<p><strong>IMAGEM ILUSTRATIVA:<\/strong><\/p>\n<p>As cores das figuras podem apresentar varia\u00e7\u00f5es, incluindo mudan\u00e7a de cores. Por se tratar de um produto artesanal, pequenos detalhes tamb\u00e9m podem diferir de uma pe\u00e7a para outra.<\/p>\n<p>Em caso de d\u00favidas, entre em contato conosco.<\/p>\n","protected":false},"excerpt":{"rendered":"<p>Caixa Super Vil\u00f5es 1 com 6 Figuras<\/p>\n<p>Dom Ferdinando, L\u00facia Lobo, Bugio, Pedroso, Kibungo e Queimado, figuras monocrom\u00e1ticas feitas artesanalmente por inje\u00e7\u00e3o de pl\u00e1stico monocrom\u00e1tico de alta resist\u00eancia com alturas que variam de 7 a 12 cm.<\/p>\n","protected":false},"featured_media":11133,"comment_status":"open","ping_status":"closed","template":"","meta":{"_joinchat":[]},"product_brand":[],"product_cat":[64],"product_tag":[],"class_list":{"0":"post-11077","1":"product","2":"type-product","3":"status-publish","4":"has-post-thumbnail","6":"product_cat-figuras","8":"first","9":"outofstock","10":"shipping-taxable","11":"purchasable","12":"product-type-simple"},"jetpack_sharing_enabled":true,"_links":{"self":[{"href":"https:\/\/pindoramaentretenimento.com.br\/loja\/wp-json\/wp\/v2\/product\/11077","targetHints":{"allow":["GET"]}}],"collection":[{"href":"https:\/\/pindoramaentretenimento.com.br\/loja\/wp-json\/wp\/v2\/product"}],"about":[{"href":"https:\/\/pindoramaentretenimento.com.br\/loja\/wp-json\/wp\/v2\/types\/product"}],"replies":[{"embeddable":true,"href":"https:\/\/pindoramaentretenimento.com.br\/loja\/wp-json\/wp\/v2\/comments?post=11077"}],"version-history":[{"count":2,"href":"https:\/\/pindoramaentretenimento.com.br\/loja\/wp-json\/wp\/v2\/product\/11077\/revisions"}],"predecessor-version":[{"id":11086,"href":"https:\/\/pindoramaentretenimento.com.br\/loja\/wp-json\/wp\/v2\/product\/11077\/revisions\/11086"}],"wp:featuredmedia":[{"embeddable":true,"href":"https:\/\/pindoramaentretenimento.com.br\/loja\/wp-json\/wp\/v2\/media\/11133"}],"wp:attachment":[{"href":"https:\/\/pindoramaentretenimento.com.br\/loja\/wp-json\/wp\/v2\/media?parent=11077"}],"wp:term":[{"taxonomy":"product_brand","embeddable":true,"href":"https:\/\/pindoramaentretenimento.com.br\/loja\/wp-json\/wp\/v2\/product_brand?post=11077"},{"taxonomy":"product_cat","embeddable":true,"href":"https:\/\/pindoramaentretenimento.com.br\/loja\/wp-json\/wp\/v2\/product_cat?post=11077"},{"taxonomy":"product_tag","embeddable":true,"href":"https:\/\/pindoramaentretenimento.com.br\/loja\/wp-json\/wp\/v2\/product_tag?post=11077"}],"curies":[{"name":"wp","href":"https:\/\/api.w.org\/{rel}","templated":true}]}}