{"id":11003,"date":"2025-04-09T09:31:17","date_gmt":"2025-04-09T12:31:17","guid":{"rendered":"https:\/\/pindoramaentretenimento.com.br\/loja\/?post_type=product&#038;p=11003"},"modified":"2025-04-09T09:31:17","modified_gmt":"2025-04-09T12:31:17","slug":"super-kit-8","status":"publish","type":"product","link":"https:\/\/pindoramaentretenimento.com.br\/loja\/produto\/super-kit-8\/","title":{"rendered":"Super KIT 8"},"content":{"rendered":"<p>SUPER PROMO\u00c7\u00c3O!<\/p>\n<p>Kit contendo:<\/p>\n<p>-Edi\u00e7\u00e3o #8 Projeto For\u00e7a BR \u201cGigante pela pr\u00f3pria Natureza\u201d+ Poster 10 \u2013 Universo For\u00e7a BR + Prints (Curupi, Guaranis e Bugio) + Cards Origens (Morubixaba, Tupacahuana e Ministro Herculano) + Cards Status (Morubixaba, Tupacahuana e Ministro Herculano).<\/p>\n<p><strong style=\"font-style: inherit;\">ESTOQUE LIMITADO!<\/strong><\/p>\n","protected":false},"excerpt":{"rendered":"<p>SUPER PROMO\u00c7\u00c3O!<\/p>\n<p>Kit contendo:<\/p>\n<p>-Edi\u00e7\u00e3o #8 Projeto For\u00e7a BR \u201cGigante pela pr\u00f3pria Natureza\u201d+ Poster 10 \u2013 Universo For\u00e7a BR + Prints (Curupi, Guaranis e Bugio) + Cards Origens (Morubixaba, Tupacahuana e Ministro Herculano) + Cards Status (Morubixaba, Tupacahuana e Ministro Herculano).<\/p>\n<p><strong style=\"font-style: inherit;\">ESTOQUE LIMITADO!<\/strong><\/p>\n","protected":false},"featured_media":11000,"comment_status":"open","ping_status":"closed","template":"","meta":{"_joinchat":[]},"product_brand":[],"product_cat":[15],"product_tag":[],"class_list":{"0":"post-11003","1":"product","2":"type-product","3":"status-publish","4":"has-post-thumbnail","6":"product_cat-quadrinhos","8":"first","9":"instock","10":"sale","11":"shipping-taxable","12":"purchasable","13":"product-type-simple"},"jetpack_sharing_enabled":true,"_links":{"self":[{"href":"https:\/\/pindoramaentretenimento.com.br\/loja\/wp-json\/wp\/v2\/product\/11003","targetHints":{"allow":["GET"]}}],"collection":[{"href":"https:\/\/pindoramaentretenimento.com.br\/loja\/wp-json\/wp\/v2\/product"}],"about":[{"href":"https:\/\/pindoramaentretenimento.com.br\/loja\/wp-json\/wp\/v2\/types\/product"}],"replies":[{"embeddable":true,"href":"https:\/\/pindoramaentretenimento.com.br\/loja\/wp-json\/wp\/v2\/comments?post=11003"}],"version-history":[{"count":1,"href":"https:\/\/pindoramaentretenimento.com.br\/loja\/wp-json\/wp\/v2\/product\/11003\/revisions"}],"predecessor-version":[{"id":11005,"href":"https:\/\/pindoramaentretenimento.com.br\/loja\/wp-json\/wp\/v2\/product\/11003\/revisions\/11005"}],"wp:featuredmedia":[{"embeddable":true,"href":"https:\/\/pindoramaentretenimento.com.br\/loja\/wp-json\/wp\/v2\/media\/11000"}],"wp:attachment":[{"href":"https:\/\/pindoramaentretenimento.com.br\/loja\/wp-json\/wp\/v2\/media?parent=11003"}],"wp:term":[{"taxonomy":"product_brand","embeddable":true,"href":"https:\/\/pindoramaentretenimento.com.br\/loja\/wp-json\/wp\/v2\/product_brand?post=11003"},{"taxonomy":"product_cat","embeddable":true,"href":"https:\/\/pindoramaentretenimento.com.br\/loja\/wp-json\/wp\/v2\/product_cat?post=11003"},{"taxonomy":"product_tag","embeddable":true,"href":"https:\/\/pindoramaentretenimento.com.br\/loja\/wp-json\/wp\/v2\/product_tag?post=11003"}],"curies":[{"name":"wp","href":"https:\/\/api.w.org\/{rel}","templated":true}]}}