{"id":10997,"date":"2025-04-08T18:44:43","date_gmt":"2025-04-08T21:44:43","guid":{"rendered":"https:\/\/pindoramaentretenimento.com.br\/loja\/?post_type=product&#038;p=10997"},"modified":"2025-04-08T18:44:43","modified_gmt":"2025-04-08T21:44:43","slug":"super-kit-7","status":"publish","type":"product","link":"https:\/\/pindoramaentretenimento.com.br\/loja\/produto\/super-kit-7\/","title":{"rendered":"Super KIT 7"},"content":{"rendered":"<p>SUPER PROMO\u00c7\u00c3O!<\/p>\n<p>Kit contendo:<\/p>\n<p>-Edi\u00e7\u00e3o #7 Projeto For\u00e7a BR \u201cPassado Profundo\u201d+ Poster 8 \u2013 Universo For\u00e7a BR + Prints (Pedroso, Encoura\u00e7ado e Aritana) + Cards Origens (Pedroso, Bugio e L\u00facia Lobo) + Cards Status (Pedroso, Bugio e L\u00facia Lobo).<\/p>\n<p><strong style=\"font-style: inherit;\">ESTOQUE LIMITADO!<\/strong><\/p>\n","protected":false},"excerpt":{"rendered":"<p>SUPER PROMO\u00c7\u00c3O!<\/p>\n<p>Kit contendo:<\/p>\n<p>-Edi\u00e7\u00e3o #7 Projeto For\u00e7a BR \u201cPassado Profundo\u201d+ Poster 8 \u2013 Universo For\u00e7a BR + Prints (Pedroso, Encoura\u00e7ado e Aritana) + Cards Origens (Pedroso, Bugio e L\u00facia Lobo) + Cards Status (Pedroso, Bugio e L\u00facia Lobo).<\/p>\n<p><strong style=\"font-style: inherit;\">ESTOQUE LIMITADO!<\/strong><\/p>\n","protected":false},"featured_media":10999,"comment_status":"open","ping_status":"closed","template":"","meta":{"_joinchat":[]},"product_brand":[],"product_cat":[15],"product_tag":[],"class_list":{"0":"post-10997","1":"product","2":"type-product","3":"status-publish","4":"has-post-thumbnail","6":"product_cat-quadrinhos","8":"first","9":"instock","10":"sale","11":"shipping-taxable","12":"purchasable","13":"product-type-simple"},"jetpack_sharing_enabled":true,"_links":{"self":[{"href":"https:\/\/pindoramaentretenimento.com.br\/loja\/wp-json\/wp\/v2\/product\/10997","targetHints":{"allow":["GET"]}}],"collection":[{"href":"https:\/\/pindoramaentretenimento.com.br\/loja\/wp-json\/wp\/v2\/product"}],"about":[{"href":"https:\/\/pindoramaentretenimento.com.br\/loja\/wp-json\/wp\/v2\/types\/product"}],"replies":[{"embeddable":true,"href":"https:\/\/pindoramaentretenimento.com.br\/loja\/wp-json\/wp\/v2\/comments?post=10997"}],"version-history":[{"count":2,"href":"https:\/\/pindoramaentretenimento.com.br\/loja\/wp-json\/wp\/v2\/product\/10997\/revisions"}],"predecessor-version":[{"id":11004,"href":"https:\/\/pindoramaentretenimento.com.br\/loja\/wp-json\/wp\/v2\/product\/10997\/revisions\/11004"}],"wp:featuredmedia":[{"embeddable":true,"href":"https:\/\/pindoramaentretenimento.com.br\/loja\/wp-json\/wp\/v2\/media\/10999"}],"wp:attachment":[{"href":"https:\/\/pindoramaentretenimento.com.br\/loja\/wp-json\/wp\/v2\/media?parent=10997"}],"wp:term":[{"taxonomy":"product_brand","embeddable":true,"href":"https:\/\/pindoramaentretenimento.com.br\/loja\/wp-json\/wp\/v2\/product_brand?post=10997"},{"taxonomy":"product_cat","embeddable":true,"href":"https:\/\/pindoramaentretenimento.com.br\/loja\/wp-json\/wp\/v2\/product_cat?post=10997"},{"taxonomy":"product_tag","embeddable":true,"href":"https:\/\/pindoramaentretenimento.com.br\/loja\/wp-json\/wp\/v2\/product_tag?post=10997"}],"curies":[{"name":"wp","href":"https:\/\/api.w.org\/{rel}","templated":true}]}}