{"id":10951,"date":"2025-02-19T18:52:11","date_gmt":"2025-02-19T21:52:11","guid":{"rendered":"https:\/\/pindoramaentretenimento.com.br\/loja\/?post_type=product&#038;p=10951"},"modified":"2025-09-30T09:38:50","modified_gmt":"2025-09-30T12:38:50","slug":"edicao-8-de-20-projeto-forca-br-gigante-pela-propria-natureza","status":"publish","type":"product","link":"https:\/\/pindoramaentretenimento.com.br\/loja\/produto\/edicao-8-de-20-projeto-forca-br-gigante-pela-propria-natureza\/","title":{"rendered":"Edi\u00e7\u00e3o #8 de 20 Projeto For\u00e7a BR \u2013 Gigante pela pr\u00f3pria Natureza"},"content":{"rendered":"<p>Nesta edi\u00e7\u00e3o, iremos adentrar nas <strong><span style=\"font-weight: normal\">ra\u00edzes profundas<\/span><\/strong> de um passado sombrio para desvendar o nascimento do enigm\u00e1tico ser vegetal conhecido como <strong><span style=\"font-weight: normal\">Jequitib\u00e1<\/span><\/strong><b>!<\/b> Quem \u2013 ou o que \u2013 \u00e9 essa criatura imponente? E qual o verdadeiro prop\u00f3sito de sua alian\u00e7a com os her\u00f3is do <strong><span style=\"font-weight: normal\">Projeto For\u00e7a BR<\/span><\/strong><b>?<\/b><\/p>\n<p>Prepare-se para uma jornada intensa e emocionante, onde segredos enterrados h\u00e1 s\u00e9culos finalmente v\u00eam \u00e0 tona! Mas Jequitib\u00e1 n\u00e3o enfrentar\u00e1 esse desafio sozinho \u2013 uma lend\u00e1ria criatura do <strong><span style=\"font-weight: normal\">folclore brasileiro<\/span><\/strong> cruzar\u00e1 seu caminho, e juntos, precisar\u00e3o unir for\u00e7as para sobreviver aos perigos que os aguardam no cora\u00e7\u00e3o <strong><span style=\"font-weight: normal\">escuro e m\u00edstico da floresta<\/span><\/strong><b>.<\/b><\/p>\n<p>Enquanto verdades ocultas s\u00e3o reveladas, um novo fragmento do <strong><span style=\"font-weight: normal\">terr\u00edvel plano de Kibungo e seus aliados<\/span><\/strong><b> <\/b>se encaixa no quebra-cabe\u00e7a\u2026 e o que eles est\u00e3o prestes a despertar pode mudar tudo! Voc\u00ea est\u00e1 pronto para encarar a verdade?<\/p>\n<p><strong>Capa:<\/strong> 26&#215;34.3cm, 4&#215;4 cores, Tinta escala em Couche Brilho LD 250g.<\/p>\n<p><strong>Miolo:<\/strong> 56, 4 cores, Tinta escala em Couche Fosco LD 90g.<\/p>\n<p><strong>Lombada:<\/strong> 3mm, Verniz UV total=1 Lado(s) (Capa), Dobrado(Miolo), lombada canoa\/grampo(Miolo).<\/p>\n","protected":false},"excerpt":{"rendered":"<p>Edi\u00e7\u00e3o #8 de 20 Projeto For\u00e7a BR \u2013 Gigante pela pr\u00f3pria Natureza<\/p>\n","protected":false},"featured_media":10952,"comment_status":"open","ping_status":"closed","template":"","meta":{"_joinchat":[]},"product_brand":[],"product_cat":[15],"product_tag":[],"class_list":{"0":"post-10951","1":"product","2":"type-product","3":"status-publish","4":"has-post-thumbnail","6":"product_cat-quadrinhos","8":"first","9":"instock","10":"shipping-taxable","11":"purchasable","12":"product-type-simple"},"jetpack_sharing_enabled":true,"_links":{"self":[{"href":"https:\/\/pindoramaentretenimento.com.br\/loja\/wp-json\/wp\/v2\/product\/10951","targetHints":{"allow":["GET"]}}],"collection":[{"href":"https:\/\/pindoramaentretenimento.com.br\/loja\/wp-json\/wp\/v2\/product"}],"about":[{"href":"https:\/\/pindoramaentretenimento.com.br\/loja\/wp-json\/wp\/v2\/types\/product"}],"replies":[{"embeddable":true,"href":"https:\/\/pindoramaentretenimento.com.br\/loja\/wp-json\/wp\/v2\/comments?post=10951"}],"version-history":[{"count":2,"href":"https:\/\/pindoramaentretenimento.com.br\/loja\/wp-json\/wp\/v2\/product\/10951\/revisions"}],"predecessor-version":[{"id":11018,"href":"https:\/\/pindoramaentretenimento.com.br\/loja\/wp-json\/wp\/v2\/product\/10951\/revisions\/11018"}],"wp:featuredmedia":[{"embeddable":true,"href":"https:\/\/pindoramaentretenimento.com.br\/loja\/wp-json\/wp\/v2\/media\/10952"}],"wp:attachment":[{"href":"https:\/\/pindoramaentretenimento.com.br\/loja\/wp-json\/wp\/v2\/media?parent=10951"}],"wp:term":[{"taxonomy":"product_brand","embeddable":true,"href":"https:\/\/pindoramaentretenimento.com.br\/loja\/wp-json\/wp\/v2\/product_brand?post=10951"},{"taxonomy":"product_cat","embeddable":true,"href":"https:\/\/pindoramaentretenimento.com.br\/loja\/wp-json\/wp\/v2\/product_cat?post=10951"},{"taxonomy":"product_tag","embeddable":true,"href":"https:\/\/pindoramaentretenimento.com.br\/loja\/wp-json\/wp\/v2\/product_tag?post=10951"}],"curies":[{"name":"wp","href":"https:\/\/api.w.org\/{rel}","templated":true}]}}