{"id":10879,"date":"2025-02-19T16:32:01","date_gmt":"2025-02-19T19:32:01","guid":{"rendered":"https:\/\/pindoramaentretenimento.com.br\/loja\/?post_type=product&#038;p=10879"},"modified":"2025-02-19T16:32:01","modified_gmt":"2025-02-19T19:32:01","slug":"card-18-origens-carcara-de-aco-limitado","status":"publish","type":"product","link":"https:\/\/pindoramaentretenimento.com.br\/loja\/produto\/card-18-origens-carcara-de-aco-limitado\/","title":{"rendered":"Card 18 Origens &#8211; Carcar\u00e1 de A\u00e7o \u2013 LIMITADO"},"content":{"rendered":"<p>Carcar\u00e1 de A\u00e7o &#8211; Arte conceitual + Ideias de cria\u00e7\u00e3o<br \/>\n&#8211; 4&#215;4 cores<br \/>\n&#8211; Tinta escala em Triplex C2s 300g.<br \/>\n&#8211; Lamina\u00e7\u00e3o fosca=2 lado(s)<\/p>\n","protected":false},"excerpt":{"rendered":"<p>Card 18 Origens &#8211; Carcar\u00e1 de A\u00e7o \u2013 LIMITADO<\/p>\n","protected":false},"featured_media":10880,"comment_status":"open","ping_status":"closed","template":"","meta":{"_joinchat":[]},"product_brand":[],"product_cat":[72],"product_tag":[],"class_list":{"0":"post-10879","1":"product","2":"type-product","3":"status-publish","4":"has-post-thumbnail","6":"product_cat-cards","8":"first","9":"instock","10":"shipping-taxable","11":"purchasable","12":"product-type-simple"},"jetpack_sharing_enabled":true,"_links":{"self":[{"href":"https:\/\/pindoramaentretenimento.com.br\/loja\/wp-json\/wp\/v2\/product\/10879","targetHints":{"allow":["GET"]}}],"collection":[{"href":"https:\/\/pindoramaentretenimento.com.br\/loja\/wp-json\/wp\/v2\/product"}],"about":[{"href":"https:\/\/pindoramaentretenimento.com.br\/loja\/wp-json\/wp\/v2\/types\/product"}],"replies":[{"embeddable":true,"href":"https:\/\/pindoramaentretenimento.com.br\/loja\/wp-json\/wp\/v2\/comments?post=10879"}],"version-history":[{"count":1,"href":"https:\/\/pindoramaentretenimento.com.br\/loja\/wp-json\/wp\/v2\/product\/10879\/revisions"}],"predecessor-version":[{"id":10882,"href":"https:\/\/pindoramaentretenimento.com.br\/loja\/wp-json\/wp\/v2\/product\/10879\/revisions\/10882"}],"wp:featuredmedia":[{"embeddable":true,"href":"https:\/\/pindoramaentretenimento.com.br\/loja\/wp-json\/wp\/v2\/media\/10880"}],"wp:attachment":[{"href":"https:\/\/pindoramaentretenimento.com.br\/loja\/wp-json\/wp\/v2\/media?parent=10879"}],"wp:term":[{"taxonomy":"product_brand","embeddable":true,"href":"https:\/\/pindoramaentretenimento.com.br\/loja\/wp-json\/wp\/v2\/product_brand?post=10879"},{"taxonomy":"product_cat","embeddable":true,"href":"https:\/\/pindoramaentretenimento.com.br\/loja\/wp-json\/wp\/v2\/product_cat?post=10879"},{"taxonomy":"product_tag","embeddable":true,"href":"https:\/\/pindoramaentretenimento.com.br\/loja\/wp-json\/wp\/v2\/product_tag?post=10879"}],"curies":[{"name":"wp","href":"https:\/\/api.w.org\/{rel}","templated":true}]}}