{"id":10823,"date":"2024-11-04T18:54:51","date_gmt":"2024-11-04T21:54:51","guid":{"rendered":"https:\/\/pindoramaentretenimento.com.br\/loja\/?post_type=product&#038;p=10823"},"modified":"2025-10-20T08:37:10","modified_gmt":"2025-10-20T11:37:10","slug":"nerumatum-lote-de-50-edicoes-volume-1","status":"publish","type":"product","link":"https:\/\/pindoramaentretenimento.com.br\/loja\/produto\/nerumatum-lote-de-50-edicoes-volume-1\/","title":{"rendered":"Nerum\u00e2tum &#8211; Lote de 50 Edi\u00e7\u00f5es &#8211; Volume 1"},"content":{"rendered":"<p>Prepare-se para uma saga \u00e9pica que atravessa eras e dimens\u00f5es, revelando segredos ancestrais sobre a verdadeira hist\u00f3ria da Terra. Muito antes de qualquer registro humano, nosso mundo foi visitado por seres dimensionais que trouxeram evolu\u00e7\u00e3o e sabedoria. No entanto, com a chegada de outras criaturas em busca de recursos, o equil\u00edbrio foi quebrado, dando in\u00edcio a guerras devastadoras. Quatro poderosos irm\u00e3os surgiram, liderando uma batalha decisiva que os consolidou no poder, moldando o destino de todos os seres, submetidos a seus escravos.<\/p>\n<p>Mil\u00eanios depois, os seres dimensionais retornam, renascendo entre os oprimidos e formando o grupo Nerum\u00e2tum. Sua miss\u00e3o: Libertar a Terra das correntes da escravid\u00e3o e da mis\u00e9ria, trazendo consigo uma promessa de transmuta\u00e7\u00e3o.<\/p>\n<p>Nesta primeira edi\u00e7\u00e3o, voc\u00ea ser\u00e1 transportado para um universo onde a realidade e a fic\u00e7\u00e3o se entrela\u00e7am em uma narrativa fascinante. N\u00e3o perca a chance de ser um dos primeiros a explorar este novo mundo repleto de mist\u00e9rios, batalhas \u00e9picas e personagens inesquec\u00edveis.<\/p>\n<p>Adquira sua edi\u00e7\u00e3o antecipada de &#8220;Nerum\u00e2tum&#8221; e seja parte do in\u00edcio desta aventura extraordin\u00e1ria que vai revolucionar o universo dos quadrinhos!<\/p>\n","protected":false},"excerpt":{"rendered":"<p>Lote com 50 edi\u00e7\u00f5es da revista n\u00famero 1.<\/p>\n","protected":false},"featured_media":10824,"comment_status":"open","ping_status":"closed","template":"","meta":{"_joinchat":[]},"product_brand":[],"product_cat":[93,15],"product_tag":[],"class_list":{"0":"post-10823","1":"product","2":"type-product","3":"status-publish","4":"has-post-thumbnail","6":"product_cat-nerumatum","7":"product_cat-quadrinhos","9":"first","10":"instock","11":"sale","12":"shipping-taxable","13":"purchasable","14":"product-type-simple"},"jetpack_sharing_enabled":true,"_links":{"self":[{"href":"https:\/\/pindoramaentretenimento.com.br\/loja\/wp-json\/wp\/v2\/product\/10823","targetHints":{"allow":["GET"]}}],"collection":[{"href":"https:\/\/pindoramaentretenimento.com.br\/loja\/wp-json\/wp\/v2\/product"}],"about":[{"href":"https:\/\/pindoramaentretenimento.com.br\/loja\/wp-json\/wp\/v2\/types\/product"}],"replies":[{"embeddable":true,"href":"https:\/\/pindoramaentretenimento.com.br\/loja\/wp-json\/wp\/v2\/comments?post=10823"}],"version-history":[{"count":1,"href":"https:\/\/pindoramaentretenimento.com.br\/loja\/wp-json\/wp\/v2\/product\/10823\/revisions"}],"predecessor-version":[{"id":10825,"href":"https:\/\/pindoramaentretenimento.com.br\/loja\/wp-json\/wp\/v2\/product\/10823\/revisions\/10825"}],"wp:featuredmedia":[{"embeddable":true,"href":"https:\/\/pindoramaentretenimento.com.br\/loja\/wp-json\/wp\/v2\/media\/10824"}],"wp:attachment":[{"href":"https:\/\/pindoramaentretenimento.com.br\/loja\/wp-json\/wp\/v2\/media?parent=10823"}],"wp:term":[{"taxonomy":"product_brand","embeddable":true,"href":"https:\/\/pindoramaentretenimento.com.br\/loja\/wp-json\/wp\/v2\/product_brand?post=10823"},{"taxonomy":"product_cat","embeddable":true,"href":"https:\/\/pindoramaentretenimento.com.br\/loja\/wp-json\/wp\/v2\/product_cat?post=10823"},{"taxonomy":"product_tag","embeddable":true,"href":"https:\/\/pindoramaentretenimento.com.br\/loja\/wp-json\/wp\/v2\/product_tag?post=10823"}],"curies":[{"name":"wp","href":"https:\/\/api.w.org\/{rel}","templated":true}]}}