{"id":10698,"date":"2024-01-23T12:43:25","date_gmt":"2024-01-23T15:43:25","guid":{"rendered":"https:\/\/forcabr.com.br\/?post_type=product&#038;p=10698"},"modified":"2024-01-23T12:43:25","modified_gmt":"2024-01-23T15:43:25","slug":"card-13-status-lucia-lobo","status":"publish","type":"product","link":"https:\/\/pindoramaentretenimento.com.br\/loja\/produto\/card-13-status-lucia-lobo\/","title":{"rendered":"Card 13 Status \u2013 L\u00facia Lobo"},"content":{"rendered":"<p>L\u00facia Lobo- Hist\u00f3ria, Estat\u00edsticas e Poderes.<br \/>\n&#8211; 4&#215;4 cores<br \/>\n&#8211; Tinta escala em Triplex C2s 300g.<br \/>\n&#8211; Lamina\u00e7\u00e3o fosca=2 lado(s)<\/p>\n","protected":false},"excerpt":{"rendered":"<p>L\u00facia Lobo- Hist\u00f3ria, Estat\u00edsticas e Poderes.<\/p>\n","protected":false},"featured_media":10699,"comment_status":"open","ping_status":"closed","template":"","meta":{"_joinchat":[]},"product_brand":[],"product_cat":[72],"product_tag":[],"class_list":{"0":"post-10698","1":"product","2":"type-product","3":"status-publish","4":"has-post-thumbnail","6":"product_cat-cards","8":"first","9":"instock","10":"shipping-taxable","11":"purchasable","12":"product-type-simple"},"jetpack_sharing_enabled":true,"_links":{"self":[{"href":"https:\/\/pindoramaentretenimento.com.br\/loja\/wp-json\/wp\/v2\/product\/10698","targetHints":{"allow":["GET"]}}],"collection":[{"href":"https:\/\/pindoramaentretenimento.com.br\/loja\/wp-json\/wp\/v2\/product"}],"about":[{"href":"https:\/\/pindoramaentretenimento.com.br\/loja\/wp-json\/wp\/v2\/types\/product"}],"replies":[{"embeddable":true,"href":"https:\/\/pindoramaentretenimento.com.br\/loja\/wp-json\/wp\/v2\/comments?post=10698"}],"version-history":[{"count":2,"href":"https:\/\/pindoramaentretenimento.com.br\/loja\/wp-json\/wp\/v2\/product\/10698\/revisions"}],"predecessor-version":[{"id":10898,"href":"https:\/\/pindoramaentretenimento.com.br\/loja\/wp-json\/wp\/v2\/product\/10698\/revisions\/10898"}],"wp:featuredmedia":[{"embeddable":true,"href":"https:\/\/pindoramaentretenimento.com.br\/loja\/wp-json\/wp\/v2\/media\/10699"}],"wp:attachment":[{"href":"https:\/\/pindoramaentretenimento.com.br\/loja\/wp-json\/wp\/v2\/media?parent=10698"}],"wp:term":[{"taxonomy":"product_brand","embeddable":true,"href":"https:\/\/pindoramaentretenimento.com.br\/loja\/wp-json\/wp\/v2\/product_brand?post=10698"},{"taxonomy":"product_cat","embeddable":true,"href":"https:\/\/pindoramaentretenimento.com.br\/loja\/wp-json\/wp\/v2\/product_cat?post=10698"},{"taxonomy":"product_tag","embeddable":true,"href":"https:\/\/pindoramaentretenimento.com.br\/loja\/wp-json\/wp\/v2\/product_tag?post=10698"}],"curies":[{"name":"wp","href":"https:\/\/api.w.org\/{rel}","templated":true}]}}