{"id":10690,"date":"2024-01-22T21:14:49","date_gmt":"2024-01-23T00:14:49","guid":{"rendered":"https:\/\/forcabr.com.br\/?post_type=product&#038;p=10690"},"modified":"2025-09-30T09:38:32","modified_gmt":"2025-09-30T12:38:32","slug":"edicao-7-de-20-projeto-forca-br-passado-profundo","status":"publish","type":"product","link":"https:\/\/pindoramaentretenimento.com.br\/loja\/produto\/edicao-7-de-20-projeto-forca-br-passado-profundo\/","title":{"rendered":"Edi\u00e7\u00e3o #7 de 20 Projeto For\u00e7a BR &#8211; Passado Profundo"},"content":{"rendered":"<p>Desta vez, vamos explorar ainda mais profundamente a hist\u00f3ria e origem da incr\u00edvel personagem Ipupiara. Acometida por uma amn\u00e9sia p\u00f3s-traum\u00e1tica que a deixou sem mem\u00f3ria, ela acaba se juntando ao grupo de her\u00f3is conhecido como Projeto For\u00e7a BR devido ao seu poder inato. No entanto, ainda h\u00e1 muitas quest\u00f5es sobre a sua verdadeira natureza e seu passado sombrio. Quando enfrentou o tem\u00edvel vil\u00e3o Carrancudo, ela come\u00e7ou a recuperar suas lembran\u00e7as, revelando a si mesma verdades assustadoras sobre o seu passado. Prepare-se para uma emocionante viagem repleta de mist\u00e9rios, revela\u00e7\u00f5es impactantes e a\u00e7\u00e3o intensa!<\/p>\n<p><strong>Capa:<\/strong> 26&#215;34.3cm, 4&#215;4 cores, Tinta escala em Couche Brilho LD 250g.<\/p>\n<p><strong>Miolo:<\/strong> 56, 4 cores, Tinta escala em Couche Fosco LD 90g.<\/p>\n<p><strong>Lombada:<\/strong> 3mm, Verniz UV total=1 Lado(s) (Capa), Dobrado(Miolo), lombada canoa\/grampo(Miolo).<\/p>\n","protected":false},"excerpt":{"rendered":"<p>Edi\u00e7\u00e3o #7 de 20 Projeto For\u00e7a BR \u2013 Passado Profundo<\/p>\n","protected":false},"featured_media":10692,"comment_status":"open","ping_status":"closed","template":"","meta":{"_joinchat":[]},"product_brand":[],"product_cat":[15],"product_tag":[],"class_list":{"0":"post-10690","1":"product","2":"type-product","3":"status-publish","4":"has-post-thumbnail","6":"product_cat-quadrinhos","8":"first","9":"instock","10":"shipping-taxable","11":"purchasable","12":"product-type-simple"},"jetpack_sharing_enabled":true,"_links":{"self":[{"href":"https:\/\/pindoramaentretenimento.com.br\/loja\/wp-json\/wp\/v2\/product\/10690","targetHints":{"allow":["GET"]}}],"collection":[{"href":"https:\/\/pindoramaentretenimento.com.br\/loja\/wp-json\/wp\/v2\/product"}],"about":[{"href":"https:\/\/pindoramaentretenimento.com.br\/loja\/wp-json\/wp\/v2\/types\/product"}],"replies":[{"embeddable":true,"href":"https:\/\/pindoramaentretenimento.com.br\/loja\/wp-json\/wp\/v2\/comments?post=10690"}],"version-history":[{"count":1,"href":"https:\/\/pindoramaentretenimento.com.br\/loja\/wp-json\/wp\/v2\/product\/10690\/revisions"}],"predecessor-version":[{"id":10693,"href":"https:\/\/pindoramaentretenimento.com.br\/loja\/wp-json\/wp\/v2\/product\/10690\/revisions\/10693"}],"wp:featuredmedia":[{"embeddable":true,"href":"https:\/\/pindoramaentretenimento.com.br\/loja\/wp-json\/wp\/v2\/media\/10692"}],"wp:attachment":[{"href":"https:\/\/pindoramaentretenimento.com.br\/loja\/wp-json\/wp\/v2\/media?parent=10690"}],"wp:term":[{"taxonomy":"product_brand","embeddable":true,"href":"https:\/\/pindoramaentretenimento.com.br\/loja\/wp-json\/wp\/v2\/product_brand?post=10690"},{"taxonomy":"product_cat","embeddable":true,"href":"https:\/\/pindoramaentretenimento.com.br\/loja\/wp-json\/wp\/v2\/product_cat?post=10690"},{"taxonomy":"product_tag","embeddable":true,"href":"https:\/\/pindoramaentretenimento.com.br\/loja\/wp-json\/wp\/v2\/product_tag?post=10690"}],"curies":[{"name":"wp","href":"https:\/\/api.w.org\/{rel}","templated":true}]}}