{"id":10628,"date":"2023-10-07T11:29:39","date_gmt":"2023-10-07T14:29:39","guid":{"rendered":"https:\/\/forcabr.com.br\/?post_type=product&#038;p=10628"},"modified":"2024-12-04T19:27:44","modified_gmt":"2024-12-04T22:27:44","slug":"super-kit-4","status":"publish","type":"product","link":"https:\/\/pindoramaentretenimento.com.br\/loja\/produto\/super-kit-4\/","title":{"rendered":"Super KIT 4"},"content":{"rendered":"<p>SUPER PROMO\u00c7\u00c3O!<\/p>\n<p>Kit contendo:<\/p>\n<p>-Edi\u00e7\u00e3o #4 Projeto For\u00e7a BR &#8220;Bicho Pap\u00e3o&#8221;+ Poster &#8211; Muzenza + Prints (Muzenza e W.R.A.I.T.H.) + Cards Origens (Muzenza e W.R.A.I.T.H.) + Cards Status (Muzenza e W.R.A.I.T.H.).<\/p>\n<p><strong>ESTOQUE LIMITADO!<\/strong><\/p>\n","protected":false},"excerpt":{"rendered":"<p>SUPER PROMO\u00c7\u00c3O!<\/p>\n<p>Kit contendo:<\/p>\n<p>-Edi\u00e7\u00e3o #4 Projeto For\u00e7a BR &#8220;Bicho Pap\u00e3o&#8221;+ Poster &#8211; Muzenza + Prints (Muzenza e W.R.A.I.T.H.) + Cards Origens (Muzenza e W.R.A.I.T.H.) + Cards Status (Muzenza e W.R.A.I.T.H.).<\/p>\n<p><strong>ESTOQUE LIMITADO!<\/strong><\/p>\n","protected":false},"featured_media":10629,"comment_status":"open","ping_status":"closed","template":"","meta":{"_joinchat":[]},"product_brand":[],"product_cat":[15],"product_tag":[],"class_list":{"0":"post-10628","1":"product","2":"type-product","3":"status-publish","4":"has-post-thumbnail","6":"product_cat-quadrinhos","8":"first","9":"instock","10":"sale","11":"shipping-taxable","12":"purchasable","13":"product-type-simple"},"jetpack_sharing_enabled":true,"_links":{"self":[{"href":"https:\/\/pindoramaentretenimento.com.br\/loja\/wp-json\/wp\/v2\/product\/10628","targetHints":{"allow":["GET"]}}],"collection":[{"href":"https:\/\/pindoramaentretenimento.com.br\/loja\/wp-json\/wp\/v2\/product"}],"about":[{"href":"https:\/\/pindoramaentretenimento.com.br\/loja\/wp-json\/wp\/v2\/types\/product"}],"replies":[{"embeddable":true,"href":"https:\/\/pindoramaentretenimento.com.br\/loja\/wp-json\/wp\/v2\/comments?post=10628"}],"version-history":[{"count":1,"href":"https:\/\/pindoramaentretenimento.com.br\/loja\/wp-json\/wp\/v2\/product\/10628\/revisions"}],"predecessor-version":[{"id":10630,"href":"https:\/\/pindoramaentretenimento.com.br\/loja\/wp-json\/wp\/v2\/product\/10628\/revisions\/10630"}],"wp:featuredmedia":[{"embeddable":true,"href":"https:\/\/pindoramaentretenimento.com.br\/loja\/wp-json\/wp\/v2\/media\/10629"}],"wp:attachment":[{"href":"https:\/\/pindoramaentretenimento.com.br\/loja\/wp-json\/wp\/v2\/media?parent=10628"}],"wp:term":[{"taxonomy":"product_brand","embeddable":true,"href":"https:\/\/pindoramaentretenimento.com.br\/loja\/wp-json\/wp\/v2\/product_brand?post=10628"},{"taxonomy":"product_cat","embeddable":true,"href":"https:\/\/pindoramaentretenimento.com.br\/loja\/wp-json\/wp\/v2\/product_cat?post=10628"},{"taxonomy":"product_tag","embeddable":true,"href":"https:\/\/pindoramaentretenimento.com.br\/loja\/wp-json\/wp\/v2\/product_tag?post=10628"}],"curies":[{"name":"wp","href":"https:\/\/api.w.org\/{rel}","templated":true}]}}