{"id":10618,"date":"2023-10-07T10:46:42","date_gmt":"2023-10-07T13:46:42","guid":{"rendered":"https:\/\/forcabr.com.br\/?post_type=product&#038;p=10618"},"modified":"2025-06-24T09:33:57","modified_gmt":"2025-06-24T12:33:57","slug":"super-kit-1","status":"publish","type":"product","link":"https:\/\/pindoramaentretenimento.com.br\/loja\/produto\/super-kit-1\/","title":{"rendered":"Super KIT 1"},"content":{"rendered":"<p>SUPER PROMO\u00c7\u00c3O!<\/p>\n<p>Kit contendo:<\/p>\n<p>-Edi\u00e7\u00e3o #1 Projeto For\u00e7a BR &#8220;Falso Monarca&#8221;+ Poster &#8211; Universo For\u00e7a BR + Prints (L\u00facia Lobo, Jequitib\u00e1 e Kibungo) + Cards Origens (Ipupiara e Jequitib\u00e1) + Cards Status (Ipupiara + Jequitib\u00e1).<\/p>\n<p><strong>ESTOQUE LIMITADO!<\/strong><\/p>\n","protected":false},"excerpt":{"rendered":"<p>SUPER PROMO\u00c7\u00c3O!<\/p>\n<p>Kit contendo:<\/p>\n<p>-Edi\u00e7\u00e3o #1 Projeto For\u00e7a BR &#8220;Falso Monarca&#8221;+ Poster &#8211; Universo For\u00e7a BR + Prints (L\u00facia Lobo, Jequitib\u00e1 e Kibungo) + Cards Origens (Ipupiara e Jequitib\u00e1) + Cards Status (Ipupiara + Jequitib\u00e1).<\/p>\n<p><strong>ESTOQUE LIMITADO!<\/strong><\/p>\n","protected":false},"featured_media":10619,"comment_status":"open","ping_status":"closed","template":"","meta":{"_joinchat":[]},"product_brand":[],"product_cat":[15],"product_tag":[],"class_list":{"0":"post-10618","1":"product","2":"type-product","3":"status-publish","4":"has-post-thumbnail","6":"product_cat-quadrinhos","8":"first","9":"outofstock","10":"sale","11":"shipping-taxable","12":"purchasable","13":"product-type-simple"},"jetpack_sharing_enabled":true,"_links":{"self":[{"href":"https:\/\/pindoramaentretenimento.com.br\/loja\/wp-json\/wp\/v2\/product\/10618","targetHints":{"allow":["GET"]}}],"collection":[{"href":"https:\/\/pindoramaentretenimento.com.br\/loja\/wp-json\/wp\/v2\/product"}],"about":[{"href":"https:\/\/pindoramaentretenimento.com.br\/loja\/wp-json\/wp\/v2\/types\/product"}],"replies":[{"embeddable":true,"href":"https:\/\/pindoramaentretenimento.com.br\/loja\/wp-json\/wp\/v2\/comments?post=10618"}],"version-history":[{"count":2,"href":"https:\/\/pindoramaentretenimento.com.br\/loja\/wp-json\/wp\/v2\/product\/10618\/revisions"}],"predecessor-version":[{"id":10682,"href":"https:\/\/pindoramaentretenimento.com.br\/loja\/wp-json\/wp\/v2\/product\/10618\/revisions\/10682"}],"wp:featuredmedia":[{"embeddable":true,"href":"https:\/\/pindoramaentretenimento.com.br\/loja\/wp-json\/wp\/v2\/media\/10619"}],"wp:attachment":[{"href":"https:\/\/pindoramaentretenimento.com.br\/loja\/wp-json\/wp\/v2\/media?parent=10618"}],"wp:term":[{"taxonomy":"product_brand","embeddable":true,"href":"https:\/\/pindoramaentretenimento.com.br\/loja\/wp-json\/wp\/v2\/product_brand?post=10618"},{"taxonomy":"product_cat","embeddable":true,"href":"https:\/\/pindoramaentretenimento.com.br\/loja\/wp-json\/wp\/v2\/product_cat?post=10618"},{"taxonomy":"product_tag","embeddable":true,"href":"https:\/\/pindoramaentretenimento.com.br\/loja\/wp-json\/wp\/v2\/product_tag?post=10618"}],"curies":[{"name":"wp","href":"https:\/\/api.w.org\/{rel}","templated":true}]}}