{"id":10374,"date":"2022-10-16T09:37:04","date_gmt":"2022-10-16T12:37:04","guid":{"rendered":"https:\/\/forcabr.com.br\/?post_type=product&#038;p=10374"},"modified":"2025-03-24T15:57:19","modified_gmt":"2025-03-24T18:57:19","slug":"aventura-de-rpg-1-hotel-guaira","status":"publish","type":"product","link":"https:\/\/pindoramaentretenimento.com.br\/loja\/produto\/aventura-de-rpg-1-hotel-guaira\/","title":{"rendered":"Aventura de RPG #1 &#8211; Hotel Guair\u00e1"},"content":{"rendered":"<p>Ap\u00f3s a derrota do falso monarca Dom Ferdinando, os Her\u00f3is do Projeto For\u00e7a BR recebem um convite especial para passarem um agrad\u00e1vel final de semana em um luxuoso Hotel cinco estrelas no meio da floresta Amaz\u00f4nica.<br \/>\nPor\u00e9m, durante a agrad\u00e1vel e confort\u00e1vel experi\u00eancia, revelam-se sinistros acontecimentos que amea\u00e7am n\u00e3o somente os h\u00f3spedes, mas os pr\u00f3prios Her\u00f3is tamb\u00e9m. Assuma o papel de O.R.D.E.M., Muzenza, Ipupiara e Jaguaruna nesta fant\u00e1stica aventura repleta de a\u00e7\u00e3o e descobertas sensacionais, at\u00e9 seu desfecho final<br \/>\ndecidido por voc\u00ea. Re\u00fana seus amigos e vivencie essa hist\u00f3ria jogando com seu Her\u00f3i favorito.<\/p>\n<p>Componentes<br \/>\n1 livro de 56 p\u00e1ginas; 4 Fichas de Her\u00f3is; 10 mapas;<br \/>\n1 Registro do Roteirista; 44 Marcadores de Personagens.<br \/>\n*Miniaturas pl\u00e1ticas e os dados podem ser adquiridos separadamente*<\/p>\n<p>&nbsp;<\/p>\n","protected":false},"excerpt":{"rendered":"<p>Aventura de RPG #1 &#8211; Hotel Guair\u00e1<\/p>\n<p>&nbsp;<\/p>\n","protected":false},"featured_media":10375,"comment_status":"open","ping_status":"closed","template":"","meta":{"_joinchat":[]},"product_brand":[],"product_cat":[83],"product_tag":[],"class_list":{"0":"post-10374","1":"product","2":"type-product","3":"status-publish","4":"has-post-thumbnail","6":"product_cat-rpg","8":"first","9":"instock","10":"shipping-taxable","11":"purchasable","12":"product-type-simple"},"jetpack_sharing_enabled":true,"_links":{"self":[{"href":"https:\/\/pindoramaentretenimento.com.br\/loja\/wp-json\/wp\/v2\/product\/10374","targetHints":{"allow":["GET"]}}],"collection":[{"href":"https:\/\/pindoramaentretenimento.com.br\/loja\/wp-json\/wp\/v2\/product"}],"about":[{"href":"https:\/\/pindoramaentretenimento.com.br\/loja\/wp-json\/wp\/v2\/types\/product"}],"replies":[{"embeddable":true,"href":"https:\/\/pindoramaentretenimento.com.br\/loja\/wp-json\/wp\/v2\/comments?post=10374"}],"version-history":[{"count":2,"href":"https:\/\/pindoramaentretenimento.com.br\/loja\/wp-json\/wp\/v2\/product\/10374\/revisions"}],"predecessor-version":[{"id":10488,"href":"https:\/\/pindoramaentretenimento.com.br\/loja\/wp-json\/wp\/v2\/product\/10374\/revisions\/10488"}],"wp:featuredmedia":[{"embeddable":true,"href":"https:\/\/pindoramaentretenimento.com.br\/loja\/wp-json\/wp\/v2\/media\/10375"}],"wp:attachment":[{"href":"https:\/\/pindoramaentretenimento.com.br\/loja\/wp-json\/wp\/v2\/media?parent=10374"}],"wp:term":[{"taxonomy":"product_brand","embeddable":true,"href":"https:\/\/pindoramaentretenimento.com.br\/loja\/wp-json\/wp\/v2\/product_brand?post=10374"},{"taxonomy":"product_cat","embeddable":true,"href":"https:\/\/pindoramaentretenimento.com.br\/loja\/wp-json\/wp\/v2\/product_cat?post=10374"},{"taxonomy":"product_tag","embeddable":true,"href":"https:\/\/pindoramaentretenimento.com.br\/loja\/wp-json\/wp\/v2\/product_tag?post=10374"}],"curies":[{"name":"wp","href":"https:\/\/api.w.org\/{rel}","templated":true}]}}