{"id":10096,"date":"2021-11-28T19:17:16","date_gmt":"2021-11-28T22:17:16","guid":{"rendered":"https:\/\/forcabr.com.br\/?post_type=product&#038;p=10096"},"modified":"2021-11-28T19:17:17","modified_gmt":"2021-11-28T22:17:17","slug":"kit-adesivos","status":"publish","type":"product","link":"https:\/\/pindoramaentretenimento.com.br\/loja\/produto\/kit-adesivos\/","title":{"rendered":"KIT &#8211; Adesivos"},"content":{"rendered":"","protected":false},"excerpt":{"rendered":"<p>19 Adesivos de alta qualidade pl\u00e1stica. O.R.D.E.M., Amanari, Muzenza, Ipupiara, Jaguaruna, Jequitib\u00e1, Harpia 01, Jabuti 23, Logo For\u00e7a BR, W.RA.I.T.H., Curupi, Dom Ferdinando, L\u00facia Lobo, Bugio, Pedroso, Kibungo, Queimado, Aritana e Atratus.<\/p>\n<p>Impress\u00e3o: 9x16cm, 4&#215;0 cores, Tinta Plotter em Vinil Branco Brilho. Semi-corte.<\/p>\n","protected":false},"featured_media":10097,"comment_status":"open","ping_status":"closed","template":"","meta":{"_joinchat":[]},"product_brand":[],"product_cat":[67],"product_tag":[],"class_list":{"0":"post-10096","1":"product","2":"type-product","3":"status-publish","4":"has-post-thumbnail","6":"product_cat-adesivos","8":"first","9":"instock","10":"sale","11":"shipping-taxable","12":"purchasable","13":"product-type-simple"},"jetpack_sharing_enabled":true,"_links":{"self":[{"href":"https:\/\/pindoramaentretenimento.com.br\/loja\/wp-json\/wp\/v2\/product\/10096","targetHints":{"allow":["GET"]}}],"collection":[{"href":"https:\/\/pindoramaentretenimento.com.br\/loja\/wp-json\/wp\/v2\/product"}],"about":[{"href":"https:\/\/pindoramaentretenimento.com.br\/loja\/wp-json\/wp\/v2\/types\/product"}],"replies":[{"embeddable":true,"href":"https:\/\/pindoramaentretenimento.com.br\/loja\/wp-json\/wp\/v2\/comments?post=10096"}],"version-history":[{"count":2,"href":"https:\/\/pindoramaentretenimento.com.br\/loja\/wp-json\/wp\/v2\/product\/10096\/revisions"}],"predecessor-version":[{"id":10107,"href":"https:\/\/pindoramaentretenimento.com.br\/loja\/wp-json\/wp\/v2\/product\/10096\/revisions\/10107"}],"wp:featuredmedia":[{"embeddable":true,"href":"https:\/\/pindoramaentretenimento.com.br\/loja\/wp-json\/wp\/v2\/media\/10097"}],"wp:attachment":[{"href":"https:\/\/pindoramaentretenimento.com.br\/loja\/wp-json\/wp\/v2\/media?parent=10096"}],"wp:term":[{"taxonomy":"product_brand","embeddable":true,"href":"https:\/\/pindoramaentretenimento.com.br\/loja\/wp-json\/wp\/v2\/product_brand?post=10096"},{"taxonomy":"product_cat","embeddable":true,"href":"https:\/\/pindoramaentretenimento.com.br\/loja\/wp-json\/wp\/v2\/product_cat?post=10096"},{"taxonomy":"product_tag","embeddable":true,"href":"https:\/\/pindoramaentretenimento.com.br\/loja\/wp-json\/wp\/v2\/product_tag?post=10096"}],"curies":[{"name":"wp","href":"https:\/\/api.w.org\/{rel}","templated":true}]}}